{"id":374,"date":"2026-02-18T10:50:55","date_gmt":"2026-02-18T10:50:55","guid":{"rendered":"https:\/\/crispiplanet.com\/?page_id=374"},"modified":"2026-02-21T17:40:08","modified_gmt":"2026-02-21T17:40:08","slug":"ferry-cadiz-canarias","status":"publish","type":"page","link":"https:\/\/crispiplanet.com\/index.php\/ferry-cadiz-canarias\/","title":{"rendered":"FERRY C\u00c1DIZ-CANARIAS"},"content":{"rendered":"\n<p>Uno de los medios para llegar desde la pen\u00ednsula hasta las Islas Canarias es cogiendo un ferry desde el puerto de C\u00e1diz. En nuestro caso lo preferimos al avi\u00f3n porque llev\u00e1bamos nuestra furgoneta camper con nosotros para recorrer las islas.<\/p>\n\n\n\n<p>Hay dos compa\u00f1\u00edas que hacen este trayecto, Armas Transmediterr\u00e1nea y Fred. Olsen. Armas suele ser m\u00e1s barata, aunque tarda un poco m\u00e1s; en cambio, Fred. Olsen suele ser m\u00e1s cara, pero el trayecto lo hace en menos horas y en barcos de m\u00e1s categor\u00eda.<\/p>\n\n\n\n<p>Nosotros optamos por Armas simplemente por el precio.<\/p>\n\n\n\n<p>Uno de los inconvenientes del ferry es que solo se coge en el puerto de C\u00e1diz y sale un d\u00eda a la semana (martes) a las 14:00 horas (hora canaria), por lo que, si tienes pensado viajar con veh\u00edculo, te recomendamos que saques los billetes con bastante antelaci\u00f3n porque suele ir lleno.<\/p>\n\n\n\n<p>El mismo ferry para en las islas de Lanzarote, Fuerteventura, Gran Canaria, Tenerife y La Palma.<\/p>\n\n\n\n<p>\u26f4\ufe0f <mark style=\"background-color:rgba(0, 0, 0, 0);color:#c89764\" class=\"has-inline-color\"><strong>EMBARQUE:<\/strong><\/mark><\/p>\n\n\n\n<p>Si has comprado los <a href=\"https:\/\/armastrasmediterranea.com\/?gclid=CjwKCAiAybfLBhAjEiwAI0mBBpWA_SOzR8-bAt78QATBiJcEeHzei7OrKshGnP1FU_HsXrQ7u5Fj1xoCFC0QAvD_BwE\" target=\"_blank\" rel=\"noreferrer noopener\">billetes online,<\/a> y has utilizado alg\u00fan descuento, tendr\u00e1s que pasar primero por las oficinas para hacer el check-in (si puedes hacerlo el dia de antes, mejor, porque solo hay una ventanilla y se hacen largas colas). Si no, lo podr\u00e1s hacer a trav\u00e9s de la p\u00e1gina web 14 d\u00edas antes de la salida del barco.&nbsp;<\/p>\n\n\n\n<p>El embarque empieza a las 11:30h, pero ten paciencia porque nosotros nos presentamos a las 11:00 h y hasta las 14:00 h no subimos al barco.&nbsp;<\/p>\n\n\n\n<p>Una vez consigas aparcar tu furgo en el barco, tendr\u00e1s que coger todas tus cosas y subir a las plantas superiores. Es muy importante que pienses bien todo lo que vas a necesitar durante el viaje, porque una vez zarpe el barco, no podr\u00e1s bajar a la bodega a coger nada.<\/p>\n\n\n\n<p>En el caso de tener camarote, tendr\u00e1s que ir a recepci\u00f3n (planta 5) y presentando tu billete, te dar\u00e1n las llaves de tu habitaci\u00f3n y la hoja de comidas (est\u00e1n incluidas todas mientras dure el viaje).<\/p>\n\n\n\n<p>\ud83d\udeaa<mark style=\"background-color:rgba(0, 0, 0, 0);color:#c89764\" class=\"has-inline-color\"><strong>CAMAROTES:<\/strong><\/mark><\/p>\n\n\n\n<p>En realidad, todos los camarotes son iguales, con la diferencia de que unos son interiores y los otros exteriores, porque, aunque hay dobles o cu\u00e1druples, lo \u00fanico que cambia es que la litera de arriba est\u00e1 bajada o no.<\/p>\n\n\n\n<p>Nosotros cogimos el camarote exterior porque a la hora de hacer la reserva nos pon\u00eda que val\u00eda lo mismo y as\u00ed al menos pod\u00edamos ver el mar y tener luz natural.<\/p>\n\n\n\n<p>En todos los camarotes hay ba\u00f1o con ducha (hay gel de cuerpo) y toallas, y una cosa positiva es que hay varios enchufes, en total unos 6 en todo el camarote.<\/p>\n\n\n\n<p>Si tu intenci\u00f3n es que tus mascotas viajen contigo, es importante que, a la hora de escoger camarote, escojas el que es espec\u00edfico para ello.<\/p>\n\n\n\n<p>\ud83d\udc08 \ud83d\udc15 <mark style=\"background-color:rgba(0, 0, 0, 0);color:#c89764\" class=\"has-inline-color\"><strong>MASCOTAS EN EL FERRY:<\/strong><\/mark><\/p>\n\n\n\n<p>Para viajar con tu mascota tienes dos opciones:<\/p>\n\n\n\n<ul class=\"wp-block-list\">\n<li>Si decides viajar en butaca o en un camarote normal, tu mascota tendr\u00e1 que hacerlo en una jaula que se encuentra en una zona diferente a la que viajar\u00e1s tu y podr\u00e1s ir a visitarlo y pasearlo en el horario indicado. <\/li>\n<\/ul>\n\n\n\n<figure class=\"wp-block-gallery has-nested-images columns-default is-cropped wp-block-gallery-1 is-layout-flex wp-block-gallery-is-layout-flex\">\n<figure class=\"wp-block-image size-large\"><img loading=\"lazy\" decoding=\"async\" width=\"768\" height=\"1024\" data-id=\"376\" src=\"https:\/\/crispiplanet.com\/wp-content\/uploads\/2026\/02\/IMG_3453-768x1024.jpeg\" alt=\"\" class=\"wp-image-376\" srcset=\"https:\/\/crispiplanet.com\/wp-content\/uploads\/2026\/02\/IMG_3453-768x1024.jpeg 768w, https:\/\/crispiplanet.com\/wp-content\/uploads\/2026\/02\/IMG_3453-225x300.jpeg 225w, https:\/\/crispiplanet.com\/wp-content\/uploads\/2026\/02\/IMG_3453-1152x1536.jpeg 1152w, https:\/\/crispiplanet.com\/wp-content\/uploads\/2026\/02\/IMG_3453-1536x2048.jpeg 1536w, https:\/\/crispiplanet.com\/wp-content\/uploads\/2026\/02\/IMG_3453-1140x1520.jpeg 1140w, https:\/\/crispiplanet.com\/wp-content\/uploads\/2026\/02\/IMG_3453-scaled.jpeg 1920w\" sizes=\"auto, (max-width: 768px) 100vw, 768px\" \/><\/figure>\n\n\n\n<figure class=\"wp-block-image size-large\"><img loading=\"lazy\" decoding=\"async\" width=\"768\" height=\"1024\" data-id=\"378\" src=\"https:\/\/crispiplanet.com\/wp-content\/uploads\/2026\/02\/IMG_3456-768x1024.jpeg\" alt=\"\" class=\"wp-image-378\" srcset=\"https:\/\/crispiplanet.com\/wp-content\/uploads\/2026\/02\/IMG_3456-768x1024.jpeg 768w, https:\/\/crispiplanet.com\/wp-content\/uploads\/2026\/02\/IMG_3456-225x300.jpeg 225w, https:\/\/crispiplanet.com\/wp-content\/uploads\/2026\/02\/IMG_3456-1152x1536.jpeg 1152w, https:\/\/crispiplanet.com\/wp-content\/uploads\/2026\/02\/IMG_3456-1536x2048.jpeg 1536w, https:\/\/crispiplanet.com\/wp-content\/uploads\/2026\/02\/IMG_3456-1140x1520.jpeg 1140w, https:\/\/crispiplanet.com\/wp-content\/uploads\/2026\/02\/IMG_3456-scaled.jpeg 1920w\" sizes=\"auto, (max-width: 768px) 100vw, 768px\" \/><\/figure>\n<\/figure>\n\n\n\n<ul class=\"wp-block-list\">\n<li>Si decides viajar en un camarote para mascotas, podr\u00e1s viajar junto a tu mascota todo el trayecto y podr\u00e9is salir a pasear en los horarios establecidos. Estos camarotes est\u00e1n todos en el mismo pasillo y dentro tendr\u00e1s un cuenco y una camita. <\/li>\n<\/ul>\n\n\n\n<figure class=\"wp-block-gallery has-nested-images columns-default is-cropped wp-block-gallery-2 is-layout-flex wp-block-gallery-is-layout-flex\">\n<figure class=\"wp-block-image size-large\"><img loading=\"lazy\" decoding=\"async\" width=\"1024\" height=\"768\" data-id=\"379\" src=\"https:\/\/crispiplanet.com\/wp-content\/uploads\/2026\/02\/IMG_3431-1024x768.jpeg\" alt=\"\" class=\"wp-image-379\" srcset=\"https:\/\/crispiplanet.com\/wp-content\/uploads\/2026\/02\/IMG_3431-1024x768.jpeg 1024w, https:\/\/crispiplanet.com\/wp-content\/uploads\/2026\/02\/IMG_3431-300x225.jpeg 300w, https:\/\/crispiplanet.com\/wp-content\/uploads\/2026\/02\/IMG_3431-768x576.jpeg 768w, https:\/\/crispiplanet.com\/wp-content\/uploads\/2026\/02\/IMG_3431-1536x1152.jpeg 1536w, https:\/\/crispiplanet.com\/wp-content\/uploads\/2026\/02\/IMG_3431-2048x1536.jpeg 2048w, https:\/\/crispiplanet.com\/wp-content\/uploads\/2026\/02\/IMG_3431-1140x855.jpeg 1140w\" sizes=\"auto, (max-width: 1024px) 100vw, 1024px\" \/><\/figure>\n\n\n\n<figure class=\"wp-block-image size-large\"><img loading=\"lazy\" decoding=\"async\" width=\"768\" height=\"1024\" data-id=\"381\" src=\"https:\/\/crispiplanet.com\/wp-content\/uploads\/2026\/02\/IMG_3460-1-768x1024.jpeg\" alt=\"\" class=\"wp-image-381\" srcset=\"https:\/\/crispiplanet.com\/wp-content\/uploads\/2026\/02\/IMG_3460-1-768x1024.jpeg 768w, https:\/\/crispiplanet.com\/wp-content\/uploads\/2026\/02\/IMG_3460-1-225x300.jpeg 225w, https:\/\/crispiplanet.com\/wp-content\/uploads\/2026\/02\/IMG_3460-1-1152x1536.jpeg 1152w, https:\/\/crispiplanet.com\/wp-content\/uploads\/2026\/02\/IMG_3460-1-1536x2048.jpeg 1536w, https:\/\/crispiplanet.com\/wp-content\/uploads\/2026\/02\/IMG_3460-1-1140x1520.jpeg 1140w, https:\/\/crispiplanet.com\/wp-content\/uploads\/2026\/02\/IMG_3460-1-scaled.jpeg 1920w\" sizes=\"auto, (max-width: 768px) 100vw, 768px\" \/><\/figure>\n\n\n\n<figure class=\"wp-block-image size-large\"><img loading=\"lazy\" decoding=\"async\" width=\"768\" height=\"1024\" data-id=\"380\" src=\"https:\/\/crispiplanet.com\/wp-content\/uploads\/2026\/02\/IMG_7152-768x1024.jpeg\" alt=\"\" class=\"wp-image-380\" srcset=\"https:\/\/crispiplanet.com\/wp-content\/uploads\/2026\/02\/IMG_7152-768x1024.jpeg 768w, https:\/\/crispiplanet.com\/wp-content\/uploads\/2026\/02\/IMG_7152-225x300.jpeg 225w, https:\/\/crispiplanet.com\/wp-content\/uploads\/2026\/02\/IMG_7152-1152x1536.jpeg 1152w, https:\/\/crispiplanet.com\/wp-content\/uploads\/2026\/02\/IMG_7152-1536x2048.jpeg 1536w, https:\/\/crispiplanet.com\/wp-content\/uploads\/2026\/02\/IMG_7152-1140x1520.jpeg 1140w, https:\/\/crispiplanet.com\/wp-content\/uploads\/2026\/02\/IMG_7152-scaled.jpeg 1920w\" sizes=\"auto, (max-width: 768px) 100vw, 768px\" \/><\/figure>\n<\/figure>\n\n\n\n<p>\ud83c\udf72 <mark style=\"background-color:rgba(0, 0, 0, 0);color:#c89764\" class=\"has-inline-color\"><strong>COMIDAS:<\/strong><\/mark><\/p>\n\n\n\n<p>Si viajas en camarote, esta tarifa te incluye todas las comidas del trayecto: desayunos, comidas y cenas. Todas las comidas son en el mismo comedor y es buf\u00e9 libre. No hay una gran variedad de opciones, pero suficiente.<\/p>\n\n\n\n<p>Si vas en butaca, tendr\u00e1s que pagar por cada comida que quieras hacer en el bar o restaurante.&nbsp;<\/p>\n\n\n\n<p>El men\u00fa completo (2 platos, bebida, pan y postre) vale 15,20 \u20ac.<\/p>\n\n\n\n<p>En el mismo comedor hay un microondas, por si tienes que calentar cualquier cosa.&nbsp;<\/p>\n\n\n\n<p>Los horarios de las comidas son: <\/p>\n\n\n\n<ul class=\"wp-block-list\">\n<li>Desayuno: de 8:00 a 10:00 h.<\/li>\n\n\n\n<li>Comida: de 13:00 a 15:00 h.<\/li>\n\n\n\n<li>Cena: de 20:00 a 22:00 h.<\/li>\n<\/ul>\n\n\n\n<p>(todos los horarios en hora canaria)<\/p>\n\n\n\n<figure class=\"wp-block-image size-large is-resized\"><img loading=\"lazy\" decoding=\"async\" width=\"768\" height=\"1024\" src=\"https:\/\/crispiplanet.com\/wp-content\/uploads\/2026\/02\/IMG_3436-768x1024.jpeg\" alt=\"\" class=\"wp-image-384\" style=\"aspect-ratio:0.7500101903558473;width:431px;height:auto\" srcset=\"https:\/\/crispiplanet.com\/wp-content\/uploads\/2026\/02\/IMG_3436-768x1024.jpeg 768w, https:\/\/crispiplanet.com\/wp-content\/uploads\/2026\/02\/IMG_3436-225x300.jpeg 225w, https:\/\/crispiplanet.com\/wp-content\/uploads\/2026\/02\/IMG_3436-1152x1536.jpeg 1152w, https:\/\/crispiplanet.com\/wp-content\/uploads\/2026\/02\/IMG_3436-1536x2048.jpeg 1536w, https:\/\/crispiplanet.com\/wp-content\/uploads\/2026\/02\/IMG_3436-1140x1520.jpeg 1140w, https:\/\/crispiplanet.com\/wp-content\/uploads\/2026\/02\/IMG_3436-scaled.jpeg 1920w\" sizes=\"auto, (max-width: 768px) 100vw, 768px\" \/><\/figure>\n\n\n\n<p>\ud83d\udce1 <mark style=\"background-color:rgba(0, 0, 0, 0);color:#c89764\" class=\"has-inline-color\"><strong>WIFI:<\/strong><\/mark><\/p>\n\n\n\n<p>En el barco, en teor\u00eda hay wifi, pero la realidad es que funciona muy mal, as\u00ed que ven preparado con pel\u00edculas descargadas o, si lo prefieres, puedes pagar por un wifi de mejor calidad.&nbsp;<\/p>\n\n\n\n<p>\ud83d\udc71\ud83c\udffb\u200d\u2640\ufe0f\ud83d\udc68\ud83c\udffb <mark style=\"background-color:rgba(0, 0, 0, 0);color:#c89764\" class=\"has-inline-color\"><strong>RESUMEN DE NUESTRA EXPERIENCIA:<\/strong><\/mark><\/p>\n\n\n\n<p>Nuestra experiencia no fue muy buena por varios factores:<\/p>\n\n\n\n<ul class=\"wp-block-list\">\n<li>El primer problema fue con los billetes, porque uno de nosotros tiene el Carnet Jove, por lo que a la hora de hacer la reserva tienes la opci\u00f3n de poner el descuento JOVENEUROPEO y tienes un 10% de descuento. Hasta ah\u00ed todo bien. Por suerte, nos presentamos a hacer el check-in un d\u00eda antes de la salida del barco, porque nos encontramos con que, para poder hacer el descuento en el camarote, todas las personas que vayan a viajar en \u00e9l tienen que tener el carnet (cosa que no se indica en ning\u00fan momento en la web ni durante el proceso de compra). Por lo que nos dicen, el billete no es v\u00e1lido y que hay que anularlo (con un coste del 50% del precio del billete), pero que no hay disponibilidad ni de camarote para mascotas ni metros disponibles para nuestra furgoneta. La \u00fanica soluci\u00f3n que nos dan para poder viajar el d\u00eda que ten\u00edamos reservado es anular el billete y tener suerte de que vuelva a salir la disponibilidad de lo que ten\u00edamos reservado, y si no es as\u00ed, no podr\u00edamos viajar. Finalmente, tuvimos que jug\u00e1rnosla a cancelar nuestra reserva y hacer una nueva (sin el descuento del carnet). Por suerte, pudimos hacerlo y, tras insistir, no nos cobraron la penalizaci\u00f3n por anular la reserva.<\/li>\n\n\n\n<li>Respecto al camarote, decir que la falta de limpieza era evidente y un tanto desagradable, encontr\u00e1ndote debajo de las camas objetos no muy agradables y comida de animales, entre otros.<\/li>\n\n\n\n<li>En cuanto a los empleados, la verdad es que fueron bastante bordes en todo momento y parec\u00eda que les molestase que estuvieras utilizando los servicios a los que tienes derecho, como por ejemplo, las comidas.<\/li>\n\n\n\n<li>Otro punto que nos pareci\u00f3 rid\u00edculo es que, en un trayecto C\u00e1diz-Canarias y con la compa\u00f1\u00eda Armas Transmediterrania (con supuesta subvenci\u00f3n del Estado), los empleados que se encuentran de cara al p\u00fablico durante la traves\u00eda no sepan hablar espa\u00f1ol.<\/li>\n<\/ul>\n\n\n\n<figure class=\"wp-block-gallery has-nested-images columns-default is-cropped wp-block-gallery-3 is-layout-flex wp-block-gallery-is-layout-flex\">\n<figure class=\"wp-block-image size-large\"><img loading=\"lazy\" decoding=\"async\" width=\"1024\" height=\"768\" data-id=\"382\" src=\"https:\/\/crispiplanet.com\/wp-content\/uploads\/2026\/02\/IMG_7144-1024x768.jpeg\" alt=\"\" class=\"wp-image-382\" srcset=\"https:\/\/crispiplanet.com\/wp-content\/uploads\/2026\/02\/IMG_7144-1024x768.jpeg 1024w, https:\/\/crispiplanet.com\/wp-content\/uploads\/2026\/02\/IMG_7144-300x225.jpeg 300w, https:\/\/crispiplanet.com\/wp-content\/uploads\/2026\/02\/IMG_7144-768x576.jpeg 768w, https:\/\/crispiplanet.com\/wp-content\/uploads\/2026\/02\/IMG_7144-1536x1152.jpeg 1536w, https:\/\/crispiplanet.com\/wp-content\/uploads\/2026\/02\/IMG_7144-2048x1536.jpeg 2048w, https:\/\/crispiplanet.com\/wp-content\/uploads\/2026\/02\/IMG_7144-1140x855.jpeg 1140w\" sizes=\"auto, (max-width: 1024px) 100vw, 1024px\" \/><\/figure>\n\n\n\n<figure class=\"wp-block-image size-large\"><img loading=\"lazy\" decoding=\"async\" width=\"1024\" height=\"768\" data-id=\"383\" src=\"https:\/\/crispiplanet.com\/wp-content\/uploads\/2026\/02\/IMG_7147-1024x768.jpeg\" alt=\"\" class=\"wp-image-383\" srcset=\"https:\/\/crispiplanet.com\/wp-content\/uploads\/2026\/02\/IMG_7147-1024x768.jpeg 1024w, https:\/\/crispiplanet.com\/wp-content\/uploads\/2026\/02\/IMG_7147-300x225.jpeg 300w, https:\/\/crispiplanet.com\/wp-content\/uploads\/2026\/02\/IMG_7147-768x576.jpeg 768w, https:\/\/crispiplanet.com\/wp-content\/uploads\/2026\/02\/IMG_7147-1536x1152.jpeg 1536w, https:\/\/crispiplanet.com\/wp-content\/uploads\/2026\/02\/IMG_7147-2048x1536.jpeg 2048w, https:\/\/crispiplanet.com\/wp-content\/uploads\/2026\/02\/IMG_7147-1140x855.jpeg 1140w\" sizes=\"auto, (max-width: 1024px) 100vw, 1024px\" \/><\/figure>\n<\/figure>\n\n\n\n<p>En conclusi\u00f3n, para pr\u00f3ximos viajes con veh\u00edculo, s\u00ed que volver\u00edamos a viajar con ellos, pero porque no hay otra opci\u00f3n, aunque s\u00ed que comparar\u00edamos precios con la compa\u00f1\u00eda Fred. Olsen, y si esta vez no hay tanta diferencia, probar\u00edamos con ellos a ver si la experiencia mejora algo&#8230;<\/p>\n\n\n\n<p>Eso s\u00ed, aunque parezca que la experiencia de recorrer las islas con furgo no empieza muy bien, no dejes que esto te quite las ganas, porque te aseguramos que lo que est\u00e1 por venir es incre\u00edble y \u00fanico. Te lo explicamos en los pr\u00f3ximos blogs. <\/p>\n\n\n\n<p>Esperamos que os haya servido de ayuda para aclarar cualquier duda sobre el trayecto, y si necesit\u00e1is cualquier otra informaci\u00f3n, no dud\u00e9is en preguntarnos. \u00a1A disfrutar!<\/p>\n","protected":false},"excerpt":{"rendered":"<p>Uno de los medios para llegar desde la pen\u00ednsula hasta las Islas Canarias es cogiendo un ferry desde el puerto de C\u00e1diz. En nuestro caso lo preferimos al avi\u00f3n porque llev\u00e1bamos nuestra furgoneta camper con nosotros para recorrer las islas. Hay dos compa\u00f1\u00edas que hacen este trayecto, Armas Transmediterr\u00e1nea y Fred. Olsen. Armas suele ser m\u00e1s barata, aunque tarda un poco m\u00e1s; en cambio, Fred. Olsen suele ser m\u00e1s cara, pero el trayecto lo hace en menos horas y en barcos de m\u00e1s categor\u00eda. Nosotros optamos por Armas simplemente por el precio. Uno de los inconvenientes del ferry es que solo se coge en el puerto de C\u00e1diz y sale un d\u00eda a la semana (martes) a las 14:00 horas (hora canaria), por lo que, si tienes pensado viajar con veh\u00edculo, te recomendamos que saques los billetes con bastante antelaci\u00f3n porque suele ir lleno. El mismo ferry para en las islas de Lanzarote, Fuerteventura, Gran Canaria, Tenerife y La Palma. \u26f4\ufe0f EMBARQUE: Si has comprado los billetes online, y has utilizado alg\u00fan descuento, tendr\u00e1s que pasar primero por las oficinas para hacer el check-in (si puedes hacerlo el dia de antes, mejor, porque solo hay una ventanilla y se hacen largas colas). Si no, lo podr\u00e1s hacer a trav\u00e9s de la p\u00e1gina web 14 d\u00edas antes de la salida del barco.&nbsp; El embarque empieza a las 11:30h, pero ten paciencia porque nosotros nos presentamos a las 11:00 h y hasta las 14:00 h no subimos al barco.&nbsp; Una vez consigas aparcar tu furgo en el barco, tendr\u00e1s que coger todas tus cosas y subir a las plantas superiores. Es muy importante que pienses bien todo lo que vas a necesitar durante el viaje, porque una vez zarpe el barco, no podr\u00e1s bajar a la bodega a coger nada. En el caso de tener camarote, tendr\u00e1s que ir a recepci\u00f3n (planta 5) y presentando tu billete, te dar\u00e1n las llaves de tu habitaci\u00f3n y la hoja de comidas (est\u00e1n incluidas todas mientras dure el viaje). \ud83d\udeaaCAMAROTES: En realidad, todos los camarotes son iguales, con la diferencia de que unos son interiores y los otros exteriores, porque, aunque hay dobles o cu\u00e1druples, lo \u00fanico que cambia es que la litera de arriba est\u00e1 bajada o no. Nosotros cogimos el camarote exterior porque a la hora de hacer la reserva nos pon\u00eda que val\u00eda lo mismo y as\u00ed al menos pod\u00edamos ver el mar y tener luz natural. En todos los camarotes hay ba\u00f1o con ducha (hay gel de cuerpo) y toallas, y una cosa positiva es que hay varios enchufes, en total unos 6 en todo el camarote. Si tu intenci\u00f3n es que tus mascotas viajen contigo, es importante que, a la hora de escoger camarote, escojas el que es espec\u00edfico para ello. \ud83d\udc08 \ud83d\udc15 MASCOTAS EN EL FERRY: Para viajar con tu mascota tienes dos opciones: \ud83c\udf72 COMIDAS: Si viajas en camarote, esta tarifa te incluye todas las comidas del trayecto: desayunos, comidas y cenas. Todas las comidas son en el mismo comedor y es buf\u00e9 libre. No hay una gran variedad de opciones, pero suficiente. Si vas en butaca, tendr\u00e1s que pagar por cada comida que quieras hacer en el bar o restaurante.&nbsp; El men\u00fa completo (2 platos, bebida, pan y postre) vale 15,20 \u20ac. En el mismo comedor hay un microondas, por si tienes que calentar cualquier cosa.&nbsp; Los horarios de las comidas son: (todos los horarios en hora canaria) \ud83d\udce1 WIFI: En el barco, en teor\u00eda hay wifi, pero la realidad es que funciona muy mal, as\u00ed que ven preparado con pel\u00edculas descargadas o, si lo prefieres, puedes pagar por un wifi de mejor calidad.&nbsp; \ud83d\udc71\ud83c\udffb\u200d\u2640\ufe0f\ud83d\udc68\ud83c\udffb RESUMEN DE NUESTRA EXPERIENCIA: Nuestra experiencia no fue muy buena por varios factores: En conclusi\u00f3n, para pr\u00f3ximos viajes con veh\u00edculo, s\u00ed que volver\u00edamos a viajar con ellos, pero porque no hay otra opci\u00f3n, aunque s\u00ed que comparar\u00edamos precios con la compa\u00f1\u00eda Fred. Olsen, y si esta vez no hay tanta diferencia, probar\u00edamos con ellos a ver si la experiencia mejora algo&#8230; Eso s\u00ed, aunque parezca que la experiencia de recorrer las islas con furgo no empieza muy bien, no dejes que esto te quite las ganas, porque te aseguramos que lo que est\u00e1 por venir es incre\u00edble y \u00fanico. Te lo explicamos en los pr\u00f3ximos blogs. Esperamos que os haya servido de ayuda para aclarar cualquier duda sobre el trayecto, y si necesit\u00e1is cualquier otra informaci\u00f3n, no dud\u00e9is en preguntarnos. \u00a1A disfrutar!<\/p>\n","protected":false},"author":1,"featured_media":0,"parent":0,"menu_order":0,"comment_status":"closed","ping_status":"closed","template":"","meta":{"footnotes":""},"class_list":["post-374","page","type-page","status-publish","hentry"],"acf":[],"jetpack_sharing_enabled":true,"_links":{"self":[{"href":"https:\/\/crispiplanet.com\/index.php\/wp-json\/wp\/v2\/pages\/374","targetHints":{"allow":["GET"]}}],"collection":[{"href":"https:\/\/crispiplanet.com\/index.php\/wp-json\/wp\/v2\/pages"}],"about":[{"href":"https:\/\/crispiplanet.com\/index.php\/wp-json\/wp\/v2\/types\/page"}],"author":[{"embeddable":true,"href":"https:\/\/crispiplanet.com\/index.php\/wp-json\/wp\/v2\/users\/1"}],"replies":[{"embeddable":true,"href":"https:\/\/crispiplanet.com\/index.php\/wp-json\/wp\/v2\/comments?post=374"}],"version-history":[{"count":3,"href":"https:\/\/crispiplanet.com\/index.php\/wp-json\/wp\/v2\/pages\/374\/revisions"}],"predecessor-version":[{"id":389,"href":"https:\/\/crispiplanet.com\/index.php\/wp-json\/wp\/v2\/pages\/374\/revisions\/389"}],"wp:attachment":[{"href":"https:\/\/crispiplanet.com\/index.php\/wp-json\/wp\/v2\/media?parent=374"}],"curies":[{"name":"wp","href":"https:\/\/api.w.org\/{rel}","templated":true}]}}