{"id":210,"date":"2024-11-26T08:20:58","date_gmt":"2024-11-26T08:20:58","guid":{"rendered":"https:\/\/crispiplanet.com\/?page_id=210"},"modified":"2024-12-09T10:55:15","modified_gmt":"2024-12-09T10:55:15","slug":"internet-en-el-extranjero-2","status":"publish","type":"page","link":"https:\/\/crispiplanet.com\/index.php\/internet-en-el-extranjero-2\/","title":{"rendered":"INTERNET EN EL EXTRANJERO"},"content":{"rendered":"\n<p>Tener acceso a internet fuera de Espa\u00f1a puede parecer algo caro y complicado, pero por suerte no siempre es as\u00ed.<\/p>\n\n\n\n<p>En nuestra opini\u00f3n la mejor opci\u00f3n siempre va a ser contratar una ESIM con <a href=\"https:\/\/esim.holafly.com\/es\/?cq_src=google_ads&amp;cq_cmp=16194835338&amp;cq_term=holafly&amp;cq_plac&amp;cq_net=g&amp;cq_plt=gp&amp;tw_source=google&amp;tw_adid=655008900656&amp;tw_campaign=16194835338&amp;gad_source=1&amp;gclid=CjwKCAiA3ZC6BhBaEiwAeqfvys4tfUzoOTOyrP26l7J622zkgZga-KkRNvVdKeryj8iEVdClrMNLEhoCL_QQAvD_BwE\">HOLAFLY<\/a>.&nbsp;<\/p>\n\n\n\n<p>Para contratarlo solo tienes que seguir estos pasos: <\/p>\n\n\n\n<p><strong><mark style=\"background-color:rgba(0, 0, 0, 0);color:#c89764\" class=\"has-inline-color\">\u27b3<\/mark><\/strong> Entrar en la web de <a href=\"https:\/\/esim.holafly.com\/es\/?cq_src=google_ads&amp;cq_cmp=16194835338&amp;cq_term=holafly&amp;cq_plac&amp;cq_net=g&amp;cq_plt=gp&amp;tw_source=google&amp;tw_adid=655008900656&amp;tw_campaign=16194835338&amp;gad_source=1&amp;gclid=CjwKCAiA3ZC6BhBaEiwAeqfvys4tfUzoOTOyrP26l7J622zkgZga-KkRNvVdKeryj8iEVdClrMNLEhoCL_QQAvD_BwE\">Holafly.<\/a><\/p>\n\n\n\n<p><strong><mark style=\"background-color:rgba(0, 0, 0, 0);color:#c89764\" class=\"has-inline-color\">\u27b3<\/mark><\/strong> Buscar en el buscador tu pr\u00f3ximo destino.<\/p>\n\n\n\n<figure class=\"wp-block-gallery has-nested-images columns-default is-cropped wp-block-gallery-1 is-layout-flex wp-block-gallery-is-layout-flex\">\n<figure class=\"wp-block-image size-large\"><img loading=\"lazy\" decoding=\"async\" width=\"1024\" height=\"552\" data-id=\"211\" src=\"https:\/\/crispiplanet.com\/wp-content\/uploads\/2024\/11\/holaaa-1024x552.png\" alt=\"\" class=\"wp-image-211\" srcset=\"https:\/\/crispiplanet.com\/wp-content\/uploads\/2024\/11\/holaaa-1024x552.png 1024w, https:\/\/crispiplanet.com\/wp-content\/uploads\/2024\/11\/holaaa-300x162.png 300w, https:\/\/crispiplanet.com\/wp-content\/uploads\/2024\/11\/holaaa-768x414.png 768w, https:\/\/crispiplanet.com\/wp-content\/uploads\/2024\/11\/holaaa-1536x828.png 1536w, https:\/\/crispiplanet.com\/wp-content\/uploads\/2024\/11\/holaaa-1140x615.png 1140w, https:\/\/crispiplanet.com\/wp-content\/uploads\/2024\/11\/holaaa.png 1756w\" sizes=\"auto, (max-width: 1024px) 100vw, 1024px\" \/><\/figure>\n<\/figure>\n\n\n\n<p><strong><mark style=\"background-color:rgba(0, 0, 0, 0);color:#c89764\" class=\"has-inline-color\">\u27b3<\/mark><\/strong> Una vez seleccionado, tendremos que indicar la cantidad de dias que la vamos a necesitar y la cantidad de e-sim que queremos adquirir. Un poco m\u00e1s abajo nos saldr\u00e1 el precio total de los dias y las tarjetas seleccionadas, si todo est\u00e1 correcto, clicaremos en \u00abobtener internet ilimitado\u00bb.<\/p>\n\n\n\n<figure class=\"wp-block-image size-large\"><img loading=\"lazy\" decoding=\"async\" width=\"1024\" height=\"535\" src=\"https:\/\/crispiplanet.com\/wp-content\/uploads\/2024\/11\/Sin-titulo-1024x535.png\" alt=\"\" class=\"wp-image-212\" srcset=\"https:\/\/crispiplanet.com\/wp-content\/uploads\/2024\/11\/Sin-titulo-1024x535.png 1024w, https:\/\/crispiplanet.com\/wp-content\/uploads\/2024\/11\/Sin-titulo-300x157.png 300w, https:\/\/crispiplanet.com\/wp-content\/uploads\/2024\/11\/Sin-titulo-768x401.png 768w, https:\/\/crispiplanet.com\/wp-content\/uploads\/2024\/11\/Sin-titulo-1536x802.png 1536w, https:\/\/crispiplanet.com\/wp-content\/uploads\/2024\/11\/Sin-titulo-1140x595.png 1140w, https:\/\/crispiplanet.com\/wp-content\/uploads\/2024\/11\/Sin-titulo.png 1802w\" sizes=\"auto, (max-width: 1024px) 100vw, 1024px\" \/><\/figure>\n\n\n\n<p><strong><mark style=\"background-color:rgba(0, 0, 0, 0);color:#c89764\" class=\"has-inline-color\">\u27b3<\/mark><\/strong> En la siguiente p\u00e1gina nos saldr\u00e1 el resumen de nuestra compra, si todo es correcto, le daremos a \u00abIr a pagar\u00bb.<\/p>\n\n\n\n<figure class=\"wp-block-image size-large\"><img loading=\"lazy\" decoding=\"async\" width=\"1024\" height=\"525\" src=\"https:\/\/crispiplanet.com\/wp-content\/uploads\/2024\/11\/carrito-1024x525.png\" alt=\"\" class=\"wp-image-213\" srcset=\"https:\/\/crispiplanet.com\/wp-content\/uploads\/2024\/11\/carrito-1024x525.png 1024w, https:\/\/crispiplanet.com\/wp-content\/uploads\/2024\/11\/carrito-300x154.png 300w, https:\/\/crispiplanet.com\/wp-content\/uploads\/2024\/11\/carrito-768x394.png 768w, https:\/\/crispiplanet.com\/wp-content\/uploads\/2024\/11\/carrito-1536x787.png 1536w, https:\/\/crispiplanet.com\/wp-content\/uploads\/2024\/11\/carrito-1140x584.png 1140w, https:\/\/crispiplanet.com\/wp-content\/uploads\/2024\/11\/carrito.png 1787w\" sizes=\"auto, (max-width: 1024px) 100vw, 1024px\" \/><\/figure>\n\n\n\n<p><strong><mark style=\"background-color:rgba(0, 0, 0, 0);color:#c89764\" class=\"has-inline-color\">\u27b3<\/mark><\/strong> Introduciremos todos nuestros datos personales y los datos bancarios. Una vez relizado el pago os llegar\u00e1 un e-mail con los pasos a seguir para hacer la instalaci\u00f3n de la e-sim.<\/p>\n\n\n\n<figure class=\"wp-block-image size-large\"><img loading=\"lazy\" decoding=\"async\" width=\"1024\" height=\"523\" src=\"https:\/\/crispiplanet.com\/wp-content\/uploads\/2024\/11\/image-3-1024x523.png\" alt=\"\" class=\"wp-image-214\" srcset=\"https:\/\/crispiplanet.com\/wp-content\/uploads\/2024\/11\/image-3-1024x523.png 1024w, https:\/\/crispiplanet.com\/wp-content\/uploads\/2024\/11\/image-3-300x153.png 300w, https:\/\/crispiplanet.com\/wp-content\/uploads\/2024\/11\/image-3-768x392.png 768w, https:\/\/crispiplanet.com\/wp-content\/uploads\/2024\/11\/image-3-1536x785.png 1536w, https:\/\/crispiplanet.com\/wp-content\/uploads\/2024\/11\/image-3-1140x582.png 1140w, https:\/\/crispiplanet.com\/wp-content\/uploads\/2024\/11\/image-3.png 1834w\" sizes=\"auto, (max-width: 1024px) 100vw, 1024px\" \/><\/figure>\n\n\n\n<p><strong><mark style=\"background-color:rgba(0, 0, 0, 0);color:#c89764\" class=\"has-inline-color\">\u27b3<\/mark><\/strong> Nosotros os recomendamos que la configuraci\u00f3 la hagais en el aeropuerto antes de coger el avi\u00f3n, para que as\u00ed una vez llegueis al destino ya est\u00e9 activada y lista para usar. <\/p>\n\n\n\n<p><strong><mark style=\"background-color:rgba(0, 0, 0, 0);color:#c89764\" class=\"has-inline-color\">\u27b3<\/mark><\/strong> Aunque creamos que en general la mejor opci\u00f3n para tener internet de viaje sea con esta tarjeta, hay alg\u00fan caso en el que no es as\u00ed, ese es el caso, por ejemplo, de Tailandia, os explicamos el porque y como conseguir internet ilimitado, de calidad y a muy buen precio en el blog de Tailandia. <\/p>\n\n\n\n<div class=\"wp-block-comments\">\n\n\n\n\n\n\t<div id=\"respond\" class=\"comment-respond wp-block-post-comments-form\">\n\t\t<h3 id=\"reply-title\" class=\"comment-reply-title\">Deja una respuesta <small><a rel=\"nofollow\" id=\"cancel-comment-reply-link\" href=\"\/index.php\/wp-json\/wp\/v2\/pages\/210#respond\" style=\"display:none;\">Cancelar la respuesta<\/a><\/small><\/h3><form action=\"https:\/\/crispiplanet.com\/wp-comments-post.php\" method=\"post\" id=\"commentform\" class=\"comment-form\"><p class=\"comment-notes\"><span id=\"email-notes\">Tu direcci\u00f3n de correo electr\u00f3nico no ser\u00e1 publicada.<\/span> <span class=\"required-field-message\">Los campos obligatorios est\u00e1n marcados con <span class=\"required\">*<\/span><\/span><\/p><p class=\"comment-form-author\"><label for=\"author\">Nombre <span class=\"required\">*<\/span><\/label> <input id=\"author\" name=\"author\" type=\"text\" value=\"\" size=\"30\" maxlength=\"245\" autocomplete=\"name\" required \/><\/p>\n<p class=\"comment-form-email\"><label for=\"email\">Correo electr\u00f3nico <span class=\"required\">*<\/span><\/label> <input id=\"email\" name=\"email\" type=\"email\" value=\"\" size=\"30\" maxlength=\"100\" aria-describedby=\"email-notes\" autocomplete=\"email\" required \/><\/p>\n<p class=\"comment-form-url\"><label for=\"url\">Web<\/label> <input id=\"url\" name=\"url\" type=\"url\" value=\"\" size=\"30\" maxlength=\"200\" autocomplete=\"url\" \/><\/p>\n<p class=\"comment-form-cookies-consent\"><input id=\"wp-comment-cookies-consent\" name=\"wp-comment-cookies-consent\" type=\"checkbox\" value=\"yes\" \/> <label for=\"wp-comment-cookies-consent\">Guarda mi nombre, correo electr\u00f3nico y web en este navegador para la pr\u00f3xima vez que comente.<\/label><\/p>\n<p class=\"comment-form-comment\"><label for=\"comment\">Comentario <span class=\"required\">*<\/span><\/label> <textarea id=\"comment\" name=\"comment\" cols=\"45\" rows=\"8\" maxlength=\"65525\" required><\/textarea><\/p><p class=\"form-submit\"><input name=\"submit\" type=\"submit\" id=\"submit\" class=\"submit\" value=\"Publicar el comentario\" \/> <input type='hidden' name='comment_post_ID' value='210' id='comment_post_ID' \/>\n<input type='hidden' name='comment_parent' id='comment_parent' value='0' \/>\n<\/p><\/form>\t<\/div><!-- #respond -->\n\t<\/div>\n","protected":false},"excerpt":{"rendered":"<p>Tener acceso a internet fuera de Espa\u00f1a puede parecer algo caro y complicado, pero por suerte no siempre es as\u00ed. En nuestra opini\u00f3n la mejor opci\u00f3n siempre va a ser contratar una ESIM con HOLAFLY.&nbsp; Para contratarlo solo tienes que seguir estos pasos: \u27b3 Entrar en la web de Holafly. \u27b3 Buscar en el buscador tu pr\u00f3ximo destino. \u27b3 Una vez seleccionado, tendremos que indicar la cantidad de dias que la vamos a necesitar y la cantidad de e-sim que queremos adquirir. Un poco m\u00e1s abajo nos saldr\u00e1 el precio total de los dias y las tarjetas seleccionadas, si todo est\u00e1 correcto, clicaremos en \u00abobtener internet ilimitado\u00bb. \u27b3 En la siguiente p\u00e1gina nos saldr\u00e1 el resumen de nuestra compra, si todo es correcto, le daremos a \u00abIr a pagar\u00bb. \u27b3 Introduciremos todos nuestros datos personales y los datos bancarios. Una vez relizado el pago os llegar\u00e1 un e-mail con los pasos a seguir para hacer la instalaci\u00f3n de la e-sim. \u27b3 Nosotros os recomendamos que la configuraci\u00f3 la hagais en el aeropuerto antes de coger el avi\u00f3n, para que as\u00ed una vez llegueis al destino ya est\u00e9 activada y lista para usar. \u27b3 Aunque creamos que en general la mejor opci\u00f3n para tener internet de viaje sea con esta tarjeta, hay alg\u00fan caso en el que no es as\u00ed, ese es el caso, por ejemplo, de Tailandia, os explicamos el porque y como conseguir internet ilimitado, de calidad y a muy buen precio en el blog de Tailandia.<\/p>\n","protected":false},"author":1,"featured_media":0,"parent":0,"menu_order":0,"comment_status":"open","ping_status":"closed","template":"","meta":{"footnotes":""},"class_list":["post-210","page","type-page","status-publish","hentry"],"acf":[],"jetpack_sharing_enabled":true,"_links":{"self":[{"href":"https:\/\/crispiplanet.com\/index.php\/wp-json\/wp\/v2\/pages\/210","targetHints":{"allow":["GET"]}}],"collection":[{"href":"https:\/\/crispiplanet.com\/index.php\/wp-json\/wp\/v2\/pages"}],"about":[{"href":"https:\/\/crispiplanet.com\/index.php\/wp-json\/wp\/v2\/types\/page"}],"author":[{"embeddable":true,"href":"https:\/\/crispiplanet.com\/index.php\/wp-json\/wp\/v2\/users\/1"}],"replies":[{"embeddable":true,"href":"https:\/\/crispiplanet.com\/index.php\/wp-json\/wp\/v2\/comments?post=210"}],"version-history":[{"count":5,"href":"https:\/\/crispiplanet.com\/index.php\/wp-json\/wp\/v2\/pages\/210\/revisions"}],"predecessor-version":[{"id":296,"href":"https:\/\/crispiplanet.com\/index.php\/wp-json\/wp\/v2\/pages\/210\/revisions\/296"}],"wp:attachment":[{"href":"https:\/\/crispiplanet.com\/index.php\/wp-json\/wp\/v2\/media?parent=210"}],"curies":[{"name":"wp","href":"https:\/\/api.w.org\/{rel}","templated":true}]}}